{"id":301,"date":"2015-11-24T20:52:16","date_gmt":"2015-11-24T19:52:16","guid":{"rendered":"http:\/\/ceesrioja.org\/?page_id=301"},"modified":"2025-12-07T20:05:47","modified_gmt":"2025-12-07T19:05:47","slug":"leyes-y-documentos","status":"publish","type":"page","link":"https:\/\/ceesrioja.org\/?page_id=301","title":{"rendered":"Leyes y Documentos"},"content":{"rendered":"<p>[et_pb_section fb_built=\u00bb1&#8243; admin_label=\u00bbsection\u00bb _builder_version=\u00bb4.16&#8243; global_colors_info=\u00bb{}\u00bb][et_pb_row admin_label=\u00bbrow\u00bb _builder_version=\u00bb4.16&#8243; background_size=\u00bbinitial\u00bb background_position=\u00bbtop_left\u00bb background_repeat=\u00bbrepeat\u00bb global_colors_info=\u00bb{}\u00bb][et_pb_column type=\u00bb4_4&#8243; _builder_version=\u00bb4.16&#8243; custom_padding=\u00bb|||\u00bb global_colors_info=\u00bb{}\u00bb custom_padding__hover=\u00bb|||\u00bb][et_pb_text admin_label=\u00bbText\u00bb _builder_version=\u00bb4.16&#8243; background_size=\u00bbinitial\u00bb background_position=\u00bbtop_left\u00bb background_repeat=\u00bbrepeat\u00bb global_colors_info=\u00bb{}\u00bb]<\/p>\n<p><a href=\"https:\/\/ceesrioja.org\/wp-content\/uploads\/2013\/06\/DOCUMENTOS-PROFESIONALIZADORES-EDUCACION-SOCIAL.pdf\">DOCUMENTOS PROFESIONALIZADORES EDUCACION SOCIAL<\/a><\/p>\n<p><a href=\"https:\/\/ceesrioja.org\/wp-content\/uploads\/2013\/06\/LEY-DEL-COLEGIO-PROFESIONAL-DE-EDUCADORES-DE-LA-RIOJA.pdf\">LEY DEL COLEGIO PROFESIONAL DE EDUCADORES DE LA RIOJA<\/a><\/p>\n<p><a href=\"https:\/\/ceesrioja.org\/wp-content\/uploads\/2024\/03\/Estatutos-BOR-16-02-15-1.pdf\">Estatutos BOR 16-02-15<\/a><\/p>\n<p><a href=\"https:\/\/ceesrioja.org\/wp-content\/uploads\/2025\/12\/Memoria-2024-1.pdf\">Memoria 2024 CEESRIOJA<\/a><\/p>\n<p><a href=\"https:\/\/ceesrioja.org\/wp-content\/uploads\/2024\/03\/Memoria-2023-CEESRIOJA.pdf\">Memoria 2023 CEESRIOJA<\/a><\/p>\n<p><a href=\"https:\/\/ceesrioja.org\/wp-content\/uploads\/2024\/03\/Memoria-2022-CEESRIOJA.pdf\">Memoria 2022 CEESRIOJA<\/a><\/p>\n<p><a href=\"https:\/\/ceesrioja.org\/wp-content\/uploads\/2024\/03\/MEMORIA-2021-CEESRIOJA.pdf\">MEMORIA 2021 CEESRIOJA<\/a><\/p>\n<p><a href=\"https:\/\/ceesrioja.org\/wp-content\/uploads\/2024\/03\/Memoria-2020-CEESRIOJA.pdf\">Memoria 2020 CEESRIOJA<\/a><\/p>\n<p><a href=\"https:\/\/ceesrioja.org\/wp-content\/uploads\/2024\/03\/Memoria-2019-CEESRIOJA.pdf\">Memoria 2019 CEESRIOJA<\/a><\/p>\n<p><a href=\"https:\/\/ceesrioja.org\/wp-content\/uploads\/2024\/03\/Memoria-2018-CEESRIOJA.pdf\">Memoria 2018 CEESRIOJA<\/a><\/p>\n<p><a href=\"https:\/\/ceesrioja.org\/wp-content\/uploads\/2024\/03\/Memoria-2017-CEESRIOJA.pdf\">Memoria 2017 CEESRIOJA<\/a><\/p>\n<p><a href=\"https:\/\/ceesrioja.org\/wp-content\/uploads\/2024\/03\/Memoria-2016-CEESRIOJA.pdf\">Memoria 2016 CEESRIOJA<\/a><\/p>\n<p><a href=\"https:\/\/ceesrioja.org\/wp-content\/uploads\/2024\/03\/Memoria-2015-CEESRIOJA.pdf\">Memoria 2015 CEESRIOJA<\/a><\/p>\n<p><a href=\"https:\/\/ceesrioja.org\/wp-content\/uploads\/2024\/03\/memoria-2014-CEESRIOJA.pdf\">memoria 2014 CEESRIOJA<\/a><\/p>\n<p>El Colegio Profesional de Educadoras y Educadores Sociales de La Rioja, arbitrar\u00e1 las medidas necesarias para que todos los datos de car\u00e1cter personal incluidos en este documento sean tratados exclusivamente para los fines propios del colegio conforme a lo establecido en el Reglamento 2016\/679, del Parlamento Europeo y del Consejo, de 27 de abril de 2016 (Reglamento General de Protecci\u00f3n de Datos) y los t\u00e9rminos espec\u00edficos de la Pol\u00edtica de Privacidad del Consejo consultable en la siguiente direcci\u00f3n de internet:\u00a0<a href=\"https:\/\/ceesrioja.org\/?page_id=889\">Pol\u00edtica de Privacidad<\/a><\/p>\n<p>[\/et_pb_text][\/et_pb_column][\/et_pb_row][\/et_pb_section]<\/p>\n","protected":false},"excerpt":{"rendered":"<p>DOCUMENTOS PROFESIONALIZADORES EDUCACION SOCIAL LEY DEL COLEGIO PROFESIONAL DE EDUCADORES DE LA RIOJA Estatutos BOR 16-02-15 Memoria 2024 CEESRIOJA Memoria 2023 CEESRIOJA Memoria 2022 CEESRIOJA MEMORIA 2021 CEESRIOJA Memoria 2020 CEESRIOJA Memoria 2019 CEESRIOJA Memoria 2018 CEESRIOJA Memoria 2017 CEESRIOJA Memoria 2016 CEESRIOJA Memoria 2015 CEESRIOJA memoria 2014 CEESRIOJA El Colegio Profesional de Educadoras y [&hellip;]<\/p>\n","protected":false},"author":1,"featured_media":0,"parent":0,"menu_order":0,"comment_status":"closed","ping_status":"open","template":"","meta":{"_et_pb_use_builder":"on","_et_pb_old_content":"<a href=\"http:\/\/ceesrioja.org\/wp-content\/uploads\/2013\/06\/DOCUMENTOS-PROFESIONALIZADORES-EDUCACION-SOCIAL.pdf\">DOCUMENTOS PROFESIONALIZADORES EDUCACION SOCIAL<\/a>\n\n<a href=\"http:\/\/ceesrioja.org\/wp-content\/uploads\/2013\/06\/LEY-DEL-COLEGIO-PROFESIONAL-DE-EDUCADORES-DE-LA-RIOJA.pdf\">LEY DEL COLEGIO PROFESIONAL DE EDUCADORES DE LA RIOJA<\/a>\n\n<a href=\"https:\/\/ceesrioja.org\/wp-content\/uploads\/2024\/03\/Estatutos-BOR-16-02-15-1.pdf\">Estatutos BOR 16-02-15<\/a>\n\n<a href=\"https:\/\/ceesrioja.org\/wp-content\/uploads\/2024\/03\/Memoria-2023-CEESRIOJA.pdf\">Memoria 2023 CEESRIOJA<\/a>\n\n<a href=\"https:\/\/ceesrioja.org\/wp-content\/uploads\/2024\/03\/Memoria-2022-CEESRIOJA.pdf\">Memoria 2022 CEESRIOJA<\/a>\n\n<a href=\"https:\/\/ceesrioja.org\/wp-content\/uploads\/2024\/03\/MEMORIA-2021-CEESRIOJA.pdf\">MEMORIA 2021 CEESRIOJA<\/a>\n\n<a href=\"https:\/\/ceesrioja.org\/wp-content\/uploads\/2024\/03\/Memoria-2020-CEESRIOJA.pdf\">Memoria 2020 CEESRIOJA<\/a>\n\n<a href=\"https:\/\/ceesrioja.org\/wp-content\/uploads\/2024\/03\/Memoria-2019-CEESRIOJA.pdf\">Memoria 2019 CEESRIOJA<\/a>\n\n<a href=\"https:\/\/ceesrioja.org\/wp-content\/uploads\/2024\/03\/Memoria-2018-CEESRIOJA.pdf\">Memoria 2018 CEESRIOJA<\/a>\n\n<a href=\"https:\/\/ceesrioja.org\/wp-content\/uploads\/2024\/03\/Memoria-2017-CEESRIOJA.pdf\">Memoria 2017 CEESRIOJA<\/a>\n\n<a href=\"https:\/\/ceesrioja.org\/wp-content\/uploads\/2024\/03\/Memoria-2016-CEESRIOJA.pdf\">Memoria 2016 CEESRIOJA<\/a>\n\n<a href=\"https:\/\/ceesrioja.org\/wp-content\/uploads\/2024\/03\/Memoria-2015-CEESRIOJA.pdf\">Memoria 2015 CEESRIOJA<\/a>\n\n<a href=\"https:\/\/ceesrioja.org\/wp-content\/uploads\/2024\/03\/memoria-2014-CEESRIOJA.pdf\">memoria 2014 CEESRIOJA<\/a>\n\nEl Colegio Profesional de Educadoras y Educadores Sociales de La Rioja, arbitrar\u00e1 las medidas necesarias para que todos los datos de car\u00e1cter personal incluidos en este documento sean tratados exclusivamente para los fines propios del colegio conforme a lo establecido en el Reglamento 2016\/679, del Parlamento Europeo y del Consejo, de 27 de abril de 2016 (Reglamento General de Protecci\u00f3n de Datos) y los t\u00e9rminos espec\u00edficos de la Pol\u00edtica de Privacidad del Consejo consultable en la siguiente direcci\u00f3n de internet:\u00a0<a href=\"https:\/\/ceesrioja.org\/?page_id=889\">Pol\u00edtica de Privacidad<\/a>","_et_gb_content_width":"1080","footnotes":""},"class_list":["post-301","page","type-page","status-publish","hentry"],"_links":{"self":[{"href":"https:\/\/ceesrioja.org\/index.php?rest_route=\/wp\/v2\/pages\/301"}],"collection":[{"href":"https:\/\/ceesrioja.org\/index.php?rest_route=\/wp\/v2\/pages"}],"about":[{"href":"https:\/\/ceesrioja.org\/index.php?rest_route=\/wp\/v2\/types\/page"}],"author":[{"embeddable":true,"href":"https:\/\/ceesrioja.org\/index.php?rest_route=\/wp\/v2\/users\/1"}],"replies":[{"embeddable":true,"href":"https:\/\/ceesrioja.org\/index.php?rest_route=%2Fwp%2Fv2%2Fcomments&post=301"}],"version-history":[{"count":16,"href":"https:\/\/ceesrioja.org\/index.php?rest_route=\/wp\/v2\/pages\/301\/revisions"}],"predecessor-version":[{"id":2119,"href":"https:\/\/ceesrioja.org\/index.php?rest_route=\/wp\/v2\/pages\/301\/revisions\/2119"}],"wp:attachment":[{"href":"https:\/\/ceesrioja.org\/index.php?rest_route=%2Fwp%2Fv2%2Fmedia&parent=301"}],"curies":[{"name":"wp","href":"https:\/\/api.w.org\/{rel}","templated":true}]}}